{"id":22,"date":"2023-09-17T14:58:57","date_gmt":"2023-09-17T12:58:57","guid":{"rendered":"https:\/\/fhce.mup.at\/?page_id=22"},"modified":"2024-12-18T11:19:22","modified_gmt":"2024-12-18T10:19:22","slug":"kontakt","status":"publish","type":"page","link":"https:\/\/fhce.at\/?page_id=22","title":{"rendered":"Kontakt"},"content":{"rendered":"<section class=\"l-section wpb_row us_custom_72fc42ef height_auto\"><div class=\"l-section-h i-cf\"><div class=\"g-cols vc_row via_flex valign_top type_default stacking_default\"><div class=\"vc_col-sm-12 wpb_column vc_column_container\"><div class=\"vc_column-inner\"><div class=\"wpb_wrapper\"><div class=\"w-text us_custom_51cb2a7e has_text_color\"><span class=\"w-text-h\"><span class=\"w-text-value\">Kontakt<\/span><\/span><\/div><div class=\"w-separator size_custom\" style=\"height:15px;\"><\/div><\/div><\/div><\/div><\/div><\/div><\/section><section class=\"l-section wpb_row height_auto\"><div class=\"l-section-h i-cf\"><div class=\"g-cols vc_row via_flex valign_top type_default stacking_default\"><div class=\"vc_col-sm-12 wpb_column vc_column_container\"><div class=\"vc_column-inner\"><div class=\"wpb_wrapper\"><div class=\"wpb_text_column\"><div class=\"wpb_wrapper\"><p><strong>FHCE<\/strong><br \/>\nZiviltechniker GmbH<br \/>\nWiener Stra\u00dfe 383<br \/>\nA-4030 Linz\/Austria<\/p>\n<p><span>UID: ATU 648 00 200<\/span><\/p>\n<\/div><\/div><div class=\"w-iconbox us_custom_d2199d32 iconpos_left style_default color_primary align_left no_text\"><a href=\"mailto:office@fhce.at\" class=\"w-iconbox-link\" aria-label=\"office@fhce.at\"><div class=\"w-iconbox-icon\" style=\"font-size:17px;\"><i class=\"fas fa-envelope\"><\/i><\/div><\/a><div class=\"w-iconbox-meta\"><h4 class=\"w-iconbox-title\" style=\"font-size:17px;\"><a href=\"mailto:office@fhce.at\" class=\"w-iconbox-link\" aria-label=\"office@fhce.at\">office@fhce.at<\/a><\/h4><\/div><\/div><div class=\"w-iconbox us_custom_d2199d32 iconpos_left style_default color_primary align_left no_text\"><a href=\"tel:+437326648320\" class=\"w-iconbox-link\" aria-label=\"+43 732 66 48 32 -0\"><div class=\"w-iconbox-icon\" style=\"font-size:17px;\"><i class=\"fas fa-phone\"><\/i><\/div><\/a><div class=\"w-iconbox-meta\"><h4 class=\"w-iconbox-title\" style=\"font-size:17px;\"><a href=\"tel:+437326648320\" class=\"w-iconbox-link\" aria-label=\"+43 732 66 48 32 -0\">+43 732 66 48 32 -0<\/a><\/h4><\/div><\/div><div class=\"w-separator size_large with_line width_default thick_1 style_solid color_border align_center\"><div class=\"w-separator-h\"><\/div><\/div><p class=\"w-text us_custom_0f526e68 has_text_color\"><span class=\"w-text-h\"><span class=\"w-text-value\">Allgemeines Kontaktformular f\u00fcr Ihre Anfragen und Anregungen<\/span><\/span><\/p><form class=\"w-form  us-field-style_1 us_custom_dda346a0 layout_ver show_message_after_sending for_cform us_form_1\" action=\"https:\/\/fhce.at\/index.php?rest_route=%2Fwp%2Fv2%2Fpages%2F22\" method=\"post\"><div class=\"w-form-h\"><div class=\"w-form-row for_text required cols_3\">\r\n\t\t<div class=\"w-form-row-field\">\r\n\t\t\t\t\t\t<input aria-label=\"Name\" type=\"text\" name=\"us_form_1_text_1\" value placeholder=\"Name *\" data-required=\"true\" aria-required=\"true\"\/>\r\n\t\t\t<\/div>\r\n\t\t<div class=\"w-form-row-state\">Bitte f\u00fcllen Sie dieses Feld aus.<\/div>\r\n<\/div>\r\n<div class=\"w-form-row for_text cols_3\">\r\n\t\t<div class=\"w-form-row-field\">\r\n\t\t\t\t\t\t<input aria-label=\"Firma\" type=\"text\" name=\"us_form_1_text_2\" value placeholder=\"Firma\"\/>\r\n\t\t\t<\/div>\r\n\t\t<div class=\"w-form-row-state\">Bitte f\u00fcllen Sie dieses Feld aus.<\/div>\r\n<\/div>\r\n<div class=\"w-form-row for_email required\">\r\n\t\t<div class=\"w-form-row-field\">\r\n\t\t\t\t\t\t<input aria-label=\"E-Mail\" type=\"email\" name=\"us_form_1_email_1\" value placeholder=\"E-Mail *\" data-required=\"true\" aria-required=\"true\"\/>\r\n\t\t\t<\/div>\r\n\t\t<div class=\"w-form-row-state\">Bitte gib eine g\u00fcltige E-Mail-Adresse ein.<\/div>\r\n<\/div>\r\n<div class=\"w-form-row for_textarea required\">\r\n\t\t<div class=\"w-form-row-field\">\r\n\t\t\t\t\t\t<textarea aria-label=\"Ihre Nachricht\" name=\"us_form_1_textarea_1\" placeholder=\"Ihre Nachricht *\" data-required=\"true\" aria-required=\"true\"><\/textarea>\r\n\t\t\t<\/div>\r\n\t\t<div class=\"w-form-row-state\">Bitte f\u00fcllen Sie dieses Feld aus.<\/div>\r\n<\/div>\r\n<div class=\"w-form-row for_captcha required cols_4\">\r\n\t<div class=\"w-form-row-label\">\r\n\t\t<span> <span>24 + 15 = ?<\/span><\/span>\r\n\t<\/div>\r\n\t<div class=\"w-form-row-field\">\r\n\t\t\t\t<input type=\"hidden\" name=\"us_form_1_captcha_1_hash\" value=\"a0f9fca8e779073d74458a2fb4a022dc\" \/>\r\n\t\t\t\t<input aria-label=\"us_form_1_captcha_1\" type=\"text\" name=\"us_form_1_captcha_1\" placeholder data-required=\"true\" aria-required=\"true\"\/>\r\n\t\t\t<\/div>\r\n\t\t<div class=\"w-form-row-state\">Bitte geben Sie das Ergebnis ein, um fortzufahren<\/div>\r\n<\/div>\r\n<input type=\"hidden\" name=\"action\" value=\"us_ajax_cform\" \/>\r\n<input type=\"hidden\" name=\"post_id\" value=\"0\" \/>\r\n<input type=\"hidden\" name=\"form_index\" value=\"1\" \/>\r\n<div class=\"w-form-row for_submit align_none\"><button class=\"w-btn us-btn-style_1\" type=\"submit\" aria-label=\"Senden\"><span class=\"g-preloader type_1\"><\/span><span class=\"w-btn-label\">Senden<\/span><\/button><\/div><\/div><div class=\"w-form-message\"><\/div><div class=\"w-form-json hidden\" onclick='return {&quot;ajaxurl&quot;:&quot;https:\\\/\\\/fhce.at\\\/wp-admin\\\/admin-ajax.php&quot;,&quot;messages&quot;:{&quot;err_empty&quot;:&quot;Bitte f\\u00fcllen Sie dieses Feld aus.&quot;,&quot;err_size&quot;:&quot;Die Dateigr\\u00f6\\u00dfe darf %s MB nicht \\u00fcberschreiten&quot;,&quot;err_extension&quot;:&quot;Dateityp %s ist nicht zul\\u00e4ssig&quot;,&quot;err_recaptcha_keys&quot;:&quot;reCAPTCHA keys are incorrect&quot;}}'><\/div><\/form><\/div><\/div><\/div><\/div><\/div><\/section>\n","protected":false},"excerpt":{"rendered":"KontaktFHCE Ziviltechniker GmbH Wiener Stra\u00dfe 383 A-4030 Linz\/Austria UID: ATU 648 00 200 office@fhce.at+43 732 66 48 32 -0Allgemeines Kontaktformular f\u00fcr Ihre Anfragen und Anregungen Bitte f\u00fcllen Sie dieses Feld aus. Bitte f\u00fcllen Sie dieses Feld aus. Bitte gib eine g\u00fcltige E-Mail-Adresse ein. Bitte f\u00fcllen Sie dieses Feld aus. 26 + 3 = ? Bitte...","protected":false},"author":1,"featured_media":0,"parent":0,"menu_order":0,"comment_status":"closed","ping_status":"closed","template":"","meta":{"_acf_changed":false,"footnotes":""},"class_list":["post-22","page","type-page","status-publish","hentry"],"acf":[],"_links":{"self":[{"href":"https:\/\/fhce.at\/index.php?rest_route=\/wp\/v2\/pages\/22","targetHints":{"allow":["GET"]}}],"collection":[{"href":"https:\/\/fhce.at\/index.php?rest_route=\/wp\/v2\/pages"}],"about":[{"href":"https:\/\/fhce.at\/index.php?rest_route=\/wp\/v2\/types\/page"}],"author":[{"embeddable":true,"href":"https:\/\/fhce.at\/index.php?rest_route=\/wp\/v2\/users\/1"}],"replies":[{"embeddable":true,"href":"https:\/\/fhce.at\/index.php?rest_route=%2Fwp%2Fv2%2Fcomments&post=22"}],"version-history":[{"count":9,"href":"https:\/\/fhce.at\/index.php?rest_route=\/wp\/v2\/pages\/22\/revisions"}],"predecessor-version":[{"id":503,"href":"https:\/\/fhce.at\/index.php?rest_route=\/wp\/v2\/pages\/22\/revisions\/503"}],"wp:attachment":[{"href":"https:\/\/fhce.at\/index.php?rest_route=%2Fwp%2Fv2%2Fmedia&parent=22"}],"curies":[{"name":"wp","href":"https:\/\/api.w.org\/{rel}","templated":true}]}}